{"id":191,"date":"2017-05-26T13:33:27","date_gmt":"2017-05-26T13:33:27","guid":{"rendered":"http:\/\/wordpress.cvjm-ratingen.de\/?page_id=191"},"modified":"2017-05-26T13:33:27","modified_gmt":"2017-05-26T13:33:27","slug":"pariser-basis","status":"publish","type":"page","link":"http:\/\/cvjm-ratingen.de\/?page_id=191","title":{"rendered":"Pariser Basis"},"content":{"rendered":"<p>Die &#8222;Pariser Basis&#8220; ist die Grundlage f\u00fcr die CVJM-Arbeit mit allen jungen Menschen. Sie wurde im\u00a0 August 1855 auf der ersten Weltkonferenz in Paris\u00a0 formuliert und angenommen.<\/p>\n<p>Die Christlichen Vereine Junger M\u00e4nner haben den Zweck, solche jungen M\u00e4nner miteinander zu verbinden, welche Jesus Christus nach der Heiligen Schrift als ihren Gott und Heiland anerkennen, in ihrem Glauben und Leben seine J\u00fcnger sein und gemeinsam danach trachten wollen, das Reich ihres Meisters unter jungen M\u00e4nnern auszubreiten. Keine an sich noch so wichtigen Meinungsverschiedenheiten \u00fcber Angelegenheiten, die diesem Zweck fremd sind, sollten die Eintracht br\u00fcderlicher Beziehungen unter den nationalen Mitgliedsverb\u00e4nden des Weltbundes st\u00f6ren.<\/p>\n<p><strong>Zusatzerkl\u00e4rung des deutschen CVJM:<\/strong><br \/>\nDie CVJM sind als eine Vereinigung junger M\u00e4nner entstanden. Heute steht die Mitgliedschaft allen offen. M\u00e4nner und Frauen, Jungen und M\u00e4dchen aus allen V\u00f6lkern und Rassen, Konfessionen und sozialen Schichten bilden die weltweite Gemeinschaft im CVJM. Die &#8222;Pariser Basis&#8220; gilt heute im CVJM-Gesamtverband in Deutschland e.V.\u00a0 f\u00fcr die Arbeit mit allen jungen Menschen.<\/p>\n<p>Quelle: <a href=\"http:\/\/cvjm.de\/ueber-uns\/cvjm-ist\/grundsatzpapiere\/pariser-basis\/\">CVJM-Gesamtverband<\/a><\/p>\n<p>Allen Aktivit\u00e4ten des CVJM liegen bestimmte Prinzipien zugrunde. An erster Stelle ma\u00dfgebend ist die Pariser Basis. Im Laufe der CVJM-Geschichte zeigten sich jedoch immer wieder Bereiche, zu denen Grunds\u00e4tzliches gekl\u00e4rt und festgehalten werden musste, um die gemeinsame Sache voranzubringen. Folgende Erkl\u00e4rungen hatten eine besondere Bedeutung:<\/p>\n<h3>Leitlinien des CVJM (2002)<\/h3>\n<p>Diese gemeinsamen Leitlinien des CVJM wurden beim Hauptausschuss des CVJM-Gesamtverbandes am 12. und 13. April 2002 erarbeitet.<\/p>\n<ul>\n<li>Die Arbeit des CVJM geschieht auf der Grundlage der Pariser Basis des Weltbundes der CVJM und der Zusatzerkl\u00e4rung des CVJM-Gesamtverbandes in Deutschland (<a href=\"#Pariser Basis\">s.o.<\/a>)<\/li>\n<li>Die Mitarbeitenden des CVJM sind im Glauben an Jesus Christus miteinander verbunden. Sie geh\u00f6ren verschiedenen christlichen Kirchen an. Der CVJM ist Teil der weltweiten Gemeinde Jesu Christi. Seine missionarische Arbeit tr\u00e4gt zum Aufbau der Gemeinde bei. Der CVJM sucht die Zusammenarbeit mit den christlichen Kirchen.<\/li>\n<li>Die ehrenamtliche Mitarbeit ist im CVJM von wesentlicher Bedeutung. Ehrenamtliche und Hauptamtliche arbeiten partnerschaftlich zusammen.<\/li>\n<li>Die Teilnahme an den Programmen des CVJM steht Jungen und M\u00e4dchen, Frauen und M\u00e4nnern aus allen sozialen, ethnischen, kulturellen und religi\u00f6sen Gruppen offen. Die Angebote tragen zu gegenseitigem Verst\u00e4ndnis und Respekt bei.<\/li>\n<li>Im CVJM erleben vor allem junge Erwachsene, Jugendliche und Kinder die Liebe Gottes durch pers\u00f6nliche Zuwendung und Begleitung und werden zum Glauben an Jesus Christus eingeladen.<\/li>\n<li>In der Gemeinschaft des CVJM sollen alle Wertsch\u00e4tzung erfahren, ihre Begabungen entdecken und entfalten und ihren F\u00e4higkeiten entsprechend Verantwortung \u00fcbernehmen.<\/li>\n<li>Die Arbeit des CVJM geschieht ganzheitlich. Sie sieht den Menschen als Einheit von Geist, Seele und Leib, in seiner Beziehung zu sich selbst, zu anderen Menschen, zur Sch\u00f6pfung und zu Gott. Sie geschieht in vielf\u00e4ltigen Formen der Jugendarbeit, der Jugendbildungs- und Jugendsozialarbeit.<\/li>\n<li>Der CVJM ist ein demokratisch verfasster Jugendverband. Er vertritt jugendpolitisch die Interessen junger Menschen und unterst\u00fctzt sie in der \u00dcbernahme gesellschaftlicher Verantwortung.<\/li>\n<li>Die CVJM sind regional, national und international vernetzt und bieten dadurch jungen Menschen die Chance, durch Begegnung und Austausch voneinander zu lernen und sich f\u00fcr ein gerechteres Zusammenleben in der Welt einzusetzen.<\/li>\n<\/ul>\n<p>Quelle: <a href=\"http:\/\/cvjm.de\/de\/ueber-uns\/cvjm-ist\/grundsatzpapiere\/leitlinien\/\">CVJM-Gesamtverband<\/a><\/p>\n<h3>Challenge 21 (1998)<\/h3>\n<p>Verabschiedet am 19. Juli 1998 durch den 14. Weltrat in Frechen bei K\u00f6ln.<\/p>\n<p>In Bekr\u00e4ftigung der im Jahre 1855 verabschiedeten Pariser Basis die weiterhin als Grundsatzerkl\u00e4rung zum Auftrag des CVJM g\u00fcltig bleibt, erkl\u00e4ren wir an der Schwelle zum dritten Jahrtausend, dass der CVJM eine weltweite, christliche, \u00f6kumenische Freiwilligenbewegung f\u00fcr Frauen und M\u00e4nner mit besonderem Schwerpunkt und echter Beteiligung von jungen Menschen ist und dass er sich zum Ziel gesetzt hat, das christliche Ideal des Aufbaus einer menschlichen Gemeinschaft, in der Gerechtigkeit, Liebe, Frieden und Vers\u00f6hnung herrschen, damit die gesamte Sch\u00f6pfung an der Lebensf\u00fclle teilhat.<\/p>\n<p>Jeder CVJM ist deshalb dazu aufgerufen, sich bestimmten Herausforderungen zu stellen und nach den eigenen, speziellen Gegebenheiten Priorit\u00e4ten zu setzen. Diese Herausforderungen, bei denen es sich um eine Weiterentwicklung der 1973 verabschiedeten Kampala-Erkl\u00e4rung handelt, umfassen:<\/p>\n<ul>\n<li>die gute Nachricht von Jesus Christus weitergeben und sich f\u00fcr das geistliche, intellektuelle und k\u00f6rperliche Wohlergehen der einzelnen und das Wohl der Gemeinschaft einsetzen<\/li>\n<li>alle, besonders junge Menschen und Frauen, bef\u00e4higen, mehr Verantwortung und F\u00fchrungsaufgaben auf allen Ebenen zu \u00fcbernehmen, um f\u00fcr eine gleichberechtigte Gesellschaft zu arbeiten<\/li>\n<li>f\u00fcr die Rechte von Frauen eintreten und sie f\u00f6rdern und die Rechte der Kinder aufrecht erhalten<\/li>\n<li>den Dialog und die Partnerschaft zwischen Menschen unterschiedlichen Glaubens und unterschiedlicher Ideologien f\u00f6rdern, die kulturelle Identit\u00e4t von Menschen anerkennen und eine kulturelle Erneuerung unterst\u00fctzen<\/li>\n<li>sich verpflichten, in Solidarit\u00e4t mit den armen, besitzlosen und entwurzelten Menschen sowie unterdr\u00fcckten rassischen, religi\u00f6sen und ethnischen Minorit\u00e4ten zu arbeiten<\/li>\n<li>sich bem\u00fchen, eine Mittler- und Vers\u00f6hnerrolle in Konfliktsituationen zu \u00fcbernehmen, und f\u00fcr eine bedeutungsvolle Mitbestimmung und F\u00f6rderung von Menschen f\u00fcr ihre Selbstbestimmung arbeiten<\/li>\n<li>die Sch\u00f6pfung Gottes gegen alle sie zerst\u00f6renden Kr\u00e4fte verteidigen und die Ressourcen der Erde f\u00fcr kommende Generationen bewahren<\/li>\n<\/ul>\n<p>Um sich all diesen Herausforderungen zu stellen, wird der CVJM eine Form der Zusammenarbeit auf allen Ebenen entwickeln, die Eigenst\u00e4ndigkeit und Selbstbestimmung st\u00e4rken.<\/p>\n<p>Quelle:<a href=\"http:\/\/cvjm.de\/ueber-uns\/cvjm-ist\/grundsatzpapiere\/challenge-21\/\"> CVJM-Gesamtverband<\/a><\/p>\n<h3>Kampala Erkl\u00e4rung (1973)<\/h3>\n<p>6th World Council, Kampala, Uganda, 1973<\/p>\n<p>Die Pariser Basis sagt aus, dass Christus das Zentrum der als weltweite Gemeinschaft verstandenen Bewegung ist, in der Christen aller Konfessionen miteinander verbunden sind.<\/p>\n<p>Sie folgt dem Grundsatz einer offenen Mitgliedschaft, die Menschen ohne R\u00fccksicht auf ihren Glauben, ihr Alter, ihr Geschlecht, ihre Rasse und ihre sozialen Verh\u00e4ltnisse umfasst.<\/p>\n<p>Die Basis ist nicht dazu bestimmt, als Bedingung f\u00fcr die Einzelmitgliedschaft im CVJM zu dienen, welche bewusst dem Ermessen der Mitgliedsbewegungen des Weltbundes \u00fcberlassen bleibt. Die Basis macht deutlich, dass die Mitgliedsbewegungen die Freiheit haben, ihre Zielsetzungen anders auszudr\u00fccken, in einer Weise, die unmittelbarer den Bed\u00fcrfnissen und Vorstellungen derer entspricht, denen sie dienen.<\/p>\n<p>Entscheidend ist, dass die Zielsetzungen in der Beurteilung des Weltbundes im Einklang stehen zur Pariser Basis. In Anbetracht der Pr\u00e4gung der CVJM in der Welt von heute werden durch diesen Akt der Anerkennung der Pariser Basis den verschiedenen Vereinen und ihren Mitgliedern als Mitarbeiter Gottes Forderungen auferlegt, zu denen geh\u00f6ren:<\/p>\n<ul>\n<li>F\u00fcr Chancengleichheit und Gerechtigkeit f\u00fcr alle zu wirken.<\/li>\n<li>F\u00fcr die Schaffung und Erhaltung einer Welt zu wirken, in der die Beziehungen der Menschen untereinander durch Liebe und Verst\u00e4ndnis gekennzeichnet sind.<\/li>\n<li>Auf Verh\u00e4ltnisse und deren Erhaltung im CVJM und in der Gesellschaft, ihren Organisationen und Einrichtungen hinzuarbeiten, die der Ehrlichkeit, Vertiefung und sch\u00f6pferischen F\u00e4higkeit Raum geben.<\/li>\n<li>Formen der Mitarbeit und des Programms zu entwickeln und zu erhalten, die die Vielfalt und Tiefe christlicher Erfahrung deutlich machen.<\/li>\n<li>F\u00fcr die Entfaltung des ganzen Menschen zu wirken.<\/li>\n<\/ul>\n<p>Quelle: <a href=\"http:\/\/cvjm.de\/de\/ueber-uns\/cvjm-ist\/grundsatzpapiere\/kampala-erklaerung\/\">CVJM-Gesamtverband<\/a><\/p>\n<h3>Bernh\u00e4user Basis (1971)<\/h3>\n<p>Beschlossen 1971 auf der Mitarbeitertagung des CVJM-Gesamtverbandes im Bernh\u00e4user Forst bei Stuttgart.<\/p>\n<ul>\n<li>Gott hat alle Menschen in dieser Welt erschaffen, zueinander gewiesen und in Jesus Christus geliebt. Christen sollen die erfahrene Liebe an andere weitergeben und dem N\u00e4chsten \u2013dem nahen und dem fernen \u2013 schnellstens helfen.<\/li>\n<li>Es ist unsere Aufgabe als Christen, daf\u00fcr zu arbeiten, dass eine menschenw\u00fcrdige Gesellschaft entsteht. Aus der verk\u00fcndigenden Predigt folgt barmherzige Hilfe und das Bem\u00fchen um die Beseitigung der Ursachen des \u00dcbels durch politisches Handeln.<\/li>\n<li>Resignation vor der Not der Welt und der Glaube an die Ausweglosigkeit von verfestigten Strukturen ist uns Christen mit der Auferstehung Jesu Christi verwehrt.<\/li>\n<\/ul>\n<p>Quelle: <a href=\"http:\/\/www.cvjm.de\/index.php?id=863\">CVJM-Gesamtverband<\/a><\/p>\n","protected":false},"excerpt":{"rendered":"<p>Die &#8222;Pariser Basis&#8220; ist die Grundlage f\u00fcr die CVJM-Arbeit mit allen jungen Menschen. Sie wurde im\u00a0 August 1855 auf der ersten Weltkonferenz in Paris\u00a0 formuliert und angenommen. Die Christlichen Vereine Junger M\u00e4nner haben den Zweck, solche jungen M\u00e4nner miteinander zu verbinden, welche Jesus Christus nach der Heiligen Schrift als ihren Gott und Heiland anerkennen, in [&hellip;]<\/p>\n","protected":false},"author":1,"featured_media":0,"parent":0,"menu_order":0,"comment_status":"closed","ping_status":"closed","template":"","meta":{"footnotes":""},"class_list":["post-191","page","type-page","status-publish","hentry"],"_links":{"self":[{"href":"http:\/\/cvjm-ratingen.de\/index.php?rest_route=\/wp\/v2\/pages\/191","targetHints":{"allow":["GET"]}}],"collection":[{"href":"http:\/\/cvjm-ratingen.de\/index.php?rest_route=\/wp\/v2\/pages"}],"about":[{"href":"http:\/\/cvjm-ratingen.de\/index.php?rest_route=\/wp\/v2\/types\/page"}],"author":[{"embeddable":true,"href":"http:\/\/cvjm-ratingen.de\/index.php?rest_route=\/wp\/v2\/users\/1"}],"replies":[{"embeddable":true,"href":"http:\/\/cvjm-ratingen.de\/index.php?rest_route=%2Fwp%2Fv2%2Fcomments&post=191"}],"version-history":[{"count":2,"href":"http:\/\/cvjm-ratingen.de\/index.php?rest_route=\/wp\/v2\/pages\/191\/revisions"}],"predecessor-version":[{"id":217,"href":"http:\/\/cvjm-ratingen.de\/index.php?rest_route=\/wp\/v2\/pages\/191\/revisions\/217"}],"wp:attachment":[{"href":"http:\/\/cvjm-ratingen.de\/index.php?rest_route=%2Fwp%2Fv2%2Fmedia&parent=191"}],"curies":[{"name":"wp","href":"https:\/\/api.w.org\/{rel}","templated":true}]}}