{"id":225,"date":"2017-05-26T13:47:15","date_gmt":"2017-05-26T13:47:15","guid":{"rendered":"http:\/\/wordpress.cvjm-ratingen.de\/?page_id=225"},"modified":"2017-05-26T13:56:35","modified_gmt":"2017-05-26T13:56:35","slug":"unsere-arbeit","status":"publish","type":"page","link":"http:\/\/cvjm-ratingen.de\/?page_id=225","title":{"rendered":"Unsere Arbeit"},"content":{"rendered":"<h3><img loading=\"lazy\" decoding=\"async\" class=\"alignright wp-image-229 size-medium\" src=\"http:\/\/wordpress.cvjm-ratingen.de\/wp-content\/uploads\/2017\/05\/Wasser-2-1-300x154.jpg\" alt=\"\" width=\"300\" height=\"154\" srcset=\"http:\/\/cvjm-ratingen.de\/wp-content\/uploads\/2017\/05\/Wasser-2-1-300x154.jpg 300w, http:\/\/cvjm-ratingen.de\/wp-content\/uploads\/2017\/05\/Wasser-2-1-768x395.jpg 768w, http:\/\/cvjm-ratingen.de\/wp-content\/uploads\/2017\/05\/Wasser-2-1-1024x527.jpg 1024w, http:\/\/cvjm-ratingen.de\/wp-content\/uploads\/2017\/05\/Wasser-2-1.jpg 1722w\" sizes=\"auto, (max-width: 300px) 100vw, 300px\" \/><\/h3>\n<p>Ziel unserer Jugendarbeit ist es,<\/p>\n<ul>\n<li>christliche Werte zu vermitteln, gepaart mit der Toleranz und Anerkennung anderer religi\u00f6ser Gemeinschaften.<\/li>\n<li>Kinder und Jugendliche zum selbstbestimmten und eigenverantwortlichen Denken und Handeln zu bef\u00e4higen.<\/li>\n<li>soziale und individuelle Kompetenzen von Jugendlichen zu f\u00f6rdern.<\/li>\n<li>Jugendlichen Freir\u00e4ume anzubieten, um selbstorganisierte soziale Lernfelder bereitzustellen.<\/li>\n<li>zu einer kritischen Auseinandersetzung mit dem christlichen Glauben zu bef\u00e4higen.<\/li>\n<li>die Eingliederung der individuellen Pers\u00f6nlichkeit des Jugendlichen in die Gemeinschaft mit Anderen zu f\u00f6rdern.<\/li>\n<li>Gemeinschaft mit Anderen als bereichernde Vielfalt zu erleben und andere Menschen, andere Lebensweisen und andere Meinungen auf der Basis des demokratischen Grundverst\u00e4ndnisses zu tolerieren und zu akzeptieren.<\/li>\n<\/ul>\n<p>&nbsp;<\/p>\n","protected":false},"excerpt":{"rendered":"<p>Ziel unserer Jugendarbeit ist es, christliche Werte zu vermitteln, gepaart mit der Toleranz und Anerkennung anderer religi\u00f6ser Gemeinschaften. Kinder und Jugendliche zum selbstbestimmten und eigenverantwortlichen Denken und Handeln zu bef\u00e4higen. soziale und individuelle Kompetenzen von Jugendlichen zu f\u00f6rdern. Jugendlichen Freir\u00e4ume anzubieten, um selbstorganisierte soziale Lernfelder bereitzustellen. zu einer kritischen Auseinandersetzung mit dem christlichen Glauben zu [&hellip;]<\/p>\n","protected":false},"author":1,"featured_media":0,"parent":0,"menu_order":0,"comment_status":"closed","ping_status":"closed","template":"","meta":{"footnotes":""},"class_list":["post-225","page","type-page","status-publish","hentry"],"_links":{"self":[{"href":"http:\/\/cvjm-ratingen.de\/index.php?rest_route=\/wp\/v2\/pages\/225","targetHints":{"allow":["GET"]}}],"collection":[{"href":"http:\/\/cvjm-ratingen.de\/index.php?rest_route=\/wp\/v2\/pages"}],"about":[{"href":"http:\/\/cvjm-ratingen.de\/index.php?rest_route=\/wp\/v2\/types\/page"}],"author":[{"embeddable":true,"href":"http:\/\/cvjm-ratingen.de\/index.php?rest_route=\/wp\/v2\/users\/1"}],"replies":[{"embeddable":true,"href":"http:\/\/cvjm-ratingen.de\/index.php?rest_route=%2Fwp%2Fv2%2Fcomments&post=225"}],"version-history":[{"count":4,"href":"http:\/\/cvjm-ratingen.de\/index.php?rest_route=\/wp\/v2\/pages\/225\/revisions"}],"predecessor-version":[{"id":231,"href":"http:\/\/cvjm-ratingen.de\/index.php?rest_route=\/wp\/v2\/pages\/225\/revisions\/231"}],"wp:attachment":[{"href":"http:\/\/cvjm-ratingen.de\/index.php?rest_route=%2Fwp%2Fv2%2Fmedia&parent=225"}],"curies":[{"name":"wp","href":"https:\/\/api.w.org\/{rel}","templated":true}]}}