{"id":256,"date":"2017-05-26T14:50:40","date_gmt":"2017-05-26T14:50:40","guid":{"rendered":"http:\/\/wordpress.cvjm-ratingen.de\/?page_id=256"},"modified":"2017-05-26T14:52:30","modified_gmt":"2017-05-26T14:52:30","slug":"das-cvjm-dreieck","status":"publish","type":"page","link":"http:\/\/cvjm-ratingen.de\/?page_id=256","title":{"rendered":"Das CVJM-Dreieck"},"content":{"rendered":"<p><img loading=\"lazy\" decoding=\"async\" class=\"wp-image-118 alignright\" src=\"http:\/\/wordpress.cvjm-ratingen.de\/wp-content\/uploads\/2017\/05\/dreieck-mit-schatten-freistehend-klein_0.png\" alt=\"\" width=\"250\" height=\"213\" \/><\/p>\n<p>Seit \u00fcber 120 Jahren gibt es das Dreieck im CVJM.<\/p>\n<p>Das Logo und Symbol des weltweiten CVJM (Christlicher Verein Junger Menschen) ist ein rotes Dreieck mit einem schwarzen horizontalen Balken in der Mitte. So wie die CVJM-Arbeit K\u00f6rper, Seele und Geist beinhaltet, symbolisiert das Dreieck diese drei Aspekte.<\/p>\n<p>Die obere Dreiecksseite (der Geist) wird von Seele und K\u00f6rper (die unteren schr\u00e4gen Dreiecksseiten) gest\u00fctzt. Alle drei Aspekte des Menschen sind \u2013 wie das Dreieck zeigt \u2013 miteinander verbunden. Und die Arbeit des CVJM soll dem ganzen Menschen dienen. Darum stehen die Buchstaben &#8222;CVJM&#8220; markant in der Mitte des Dreiecks.<\/p>\n<p>\u00dcbrigens: die vier Buchstaben sind nicht immer gleich. CVJM hei\u00dft in anderen Sprachen nat\u00fcrlich anders. Und mittlerweile gibt es auch Nationalverb\u00e4nde, die nicht mehr das klassische &#8222;alten&#8220; CVJM-Dreieck haben.<\/p>\n<p>Quelle: <u><strong><a href=\"http:\/\/cvjm.de\/ueber-uns\/cvjm-ist\/das-cvjm-dreieck\/\">CVJM-Gesamtverband<\/a><\/strong><\/u><\/p>\n","protected":false},"excerpt":{"rendered":"<p>Seit \u00fcber 120 Jahren gibt es das Dreieck im CVJM. Das Logo und Symbol des weltweiten CVJM (Christlicher Verein Junger Menschen) ist ein rotes Dreieck mit einem schwarzen horizontalen Balken in der Mitte. So wie die CVJM-Arbeit K\u00f6rper, Seele und Geist beinhaltet, symbolisiert das Dreieck diese drei Aspekte. Die obere Dreiecksseite (der Geist) wird von [&hellip;]<\/p>\n","protected":false},"author":1,"featured_media":0,"parent":0,"menu_order":0,"comment_status":"closed","ping_status":"closed","template":"","meta":{"footnotes":""},"class_list":["post-256","page","type-page","status-publish","hentry"],"_links":{"self":[{"href":"http:\/\/cvjm-ratingen.de\/index.php?rest_route=\/wp\/v2\/pages\/256","targetHints":{"allow":["GET"]}}],"collection":[{"href":"http:\/\/cvjm-ratingen.de\/index.php?rest_route=\/wp\/v2\/pages"}],"about":[{"href":"http:\/\/cvjm-ratingen.de\/index.php?rest_route=\/wp\/v2\/types\/page"}],"author":[{"embeddable":true,"href":"http:\/\/cvjm-ratingen.de\/index.php?rest_route=\/wp\/v2\/users\/1"}],"replies":[{"embeddable":true,"href":"http:\/\/cvjm-ratingen.de\/index.php?rest_route=%2Fwp%2Fv2%2Fcomments&post=256"}],"version-history":[{"count":4,"href":"http:\/\/cvjm-ratingen.de\/index.php?rest_route=\/wp\/v2\/pages\/256\/revisions"}],"predecessor-version":[{"id":261,"href":"http:\/\/cvjm-ratingen.de\/index.php?rest_route=\/wp\/v2\/pages\/256\/revisions\/261"}],"wp:attachment":[{"href":"http:\/\/cvjm-ratingen.de\/index.php?rest_route=%2Fwp%2Fv2%2Fmedia&parent=256"}],"curies":[{"name":"wp","href":"https:\/\/api.w.org\/{rel}","templated":true}]}}