{"id":553,"date":"2018-05-20T11:54:40","date_gmt":"2018-05-20T11:54:40","guid":{"rendered":"http:\/\/cvjm-ratingen.de\/?page_id=553"},"modified":"2018-05-20T11:59:46","modified_gmt":"2018-05-20T11:59:46","slug":"datenschutzerklaerung","status":"publish","type":"page","link":"http:\/\/cvjm-ratingen.de\/?page_id=553","title":{"rendered":"Datenschutzerkl\u00e4rung"},"content":{"rendered":"<h3>Vorbemerkungen<\/h3>\n<p>Der CVJM-Ratingen e.V. nimmt den Schutz von personenbezogenen Daten sehr ernst. Wir verarbeiten personenbezogene Daten, die beim Besuch unserer Webseite erhoben werden, unter Beachtung der geltenden datenschutzrechtlichen Bestimmungen. Es gelten insbesondere die Datenschutzgrundverordnung (DSGVO), das Datenschutzgesetz NRW (DSG NRW) und das Telemediengesetz.<br \/>\nIm Folgenden unterrichten wir Sie \u00fcber Art, Umfang und Zwecke der Erhebung und Verwendung personenbezogener Daten.<br \/>\nIhre Daten werden von uns weder ver\u00f6ffentlicht, noch unberechtigt an Dritte weitergegeben.<\/p>\n<h3>Datenschutz<\/h3>\n<p>Beim Aufruf unserer Webseite durch Besucher werden zur Erkennung und Abwehr von Angriffen \u00fcber unseren Provider die IP-Adressen der Besucher erfasst und in Logfiles f\u00fcr maximal sieben Tage gespeichert. Dieses sind:<br \/>\n\u2022 Browsertyp und Browserversion<br \/>\n\u2022 verwendetes Betriebssystem<br \/>\n\u2022 Referrer URL<br \/>\n\u2022 Hostname des zugreifenden Rechners<br \/>\n\u2022 Uhrzeit der Serveranfrage<br \/>\n\u2022 IP-Adresse<br \/>\nPersonenbezogene Nutzerprofile werden nicht erstellt.<br \/>\nDie Erhebung, Verarbeitung und Nutzung personenbezogener Daten erfolgt durch den CVJM-Ratingen e. V. nur mit Ihrer Erlaubnis im Rahmen der Nutzung unserer Angebote.<\/p>\n<h3>Cookies<\/h3>\n<p>Die Internetseiten verwenden teilweise so genannte Cookies. Cookies richten auf Ihrem Rechner keinen Schaden an und enthalten keine Viren. Cookies dienen dazu, unser Angebot nutzerfreundlicher, effektiver und sicherer zu machen. Cookies sind kleine Textdateien, die auf Ihrem Rechner abgelegt werden und die Ihr Browser speichert. Die meisten der von uns verwendeten Cookies sind so genannte \u201cSession-Cookies\u201d. Sie werden nach Ende Ihres Besuchs automatisch gel\u00f6scht. Andere Cookies bleiben auf Ihrem Endger\u00e4t gespeichert bis Sie diese l\u00f6schen. Diese Cookies erm\u00f6glichen es uns, Ihren Browser beim n\u00e4chsten Besuch wiederzuerkennen. Sie k\u00f6nnen Ihren Browser so einstellen, dass Sie \u00fcber das Setzen von Cookies informiert werden und Cookies nur im Einzelfall erlauben, die Annahme von Cookies f\u00fcr bestimmte F\u00e4lle oder generell ausschlie\u00dfen sowie das automatische L\u00f6schen der Cookies beim Schlie\u00dfen des Browser aktivieren. Bei der Deaktivierung von Cookies kann die Funktionalit\u00e4t dieser Website eingeschr\u00e4nkt sein.<br \/>\nCookies, die zur Durchf\u00fchrung des elektronischen Kommunikationsvorgangs erforderlich sind, werden auf Grundlage von Art. 6 Abs. 1 lit. f DSGVO gespeichert.<\/p>\n<h3>Google Web Fonts<\/h3>\n<p>Diese Seite nutzt zur einheitlichen Darstellung von Schriftarten so genannte Web Fonts, die von Google bereitgestellt werden. Beim Aufruf einer Seite l\u00e4dt Ihr Browser die ben\u00f6tigten Web Fonts in Ihren Browsercache, um Texte und Schriftarten korrekt anzuzeigen. Zu diesem Zweck muss der von Ihnen verwendete Browser Verbindung zu den Servern von Google aufnehmen. Hierdurch erlangt Google Kenntnis dar\u00fcber, dass \u00fcber Ihre IP-Adresse unsere Website aufgerufen wurde. Die Nutzung von Google Web Fonts erfolgt im Interesse einer einheitlichen und ansprechenden Darstellung unserer Online-Angebote. Dies stellt ein berechtigtes Interesse im Sinne von Art. 6 Abs. 1 lit. f DSGVO dar.<br \/>\nWenn Ihr Browser Web Fonts nicht unterst\u00fctzt, wird eine Standardschrift von Ihrem Computer genutzt.<br \/>\nWeitere Informationen zu Google Web Fonts finden Sie unter https:\/\/developers.google.com\/fonts\/faq und in der Datenschutzerkl\u00e4rung von Google: https:\/\/www.google.com\/policies\/privacy\/.<\/p>\n<h3>Links zu Webseiten anderer Anbieter<\/h3>\n<p>Unsere Webseiten k\u00f6nnen Links zu Webseiten anderer Anbieter enthalten. Wir weisen darauf hin, dass diese Datenschutzerkl\u00e4rung ausschlie\u00dflich f\u00fcr die Webseite des CVJM-Ratingen e.V. gelten. Wir haben keinen Einfluss darauf und kontrollieren nicht, dass andere Anbieter die geltenden Datenschutzbestimmungen einhalten.<\/p>\n<h3>Auskunftsrecht<\/h3>\n<p>Ihnen steht ein Auskunftsrecht bez\u00fcglich der \u00fcber Sie gespeicherten personenbezogenen Daten und ferner ein Recht auf Berichtigung unrichtiger Daten, Sperrung und L\u00f6schung zu.<br \/>\nWenn Sie Auskunft \u00fcber Ihre personenbezogenen Daten beziehungsweise deren Korrektur oder L\u00f6schung w\u00fcnschen oder weitergehende Fragen \u00fcber die Verwendung Ihrer uns \u00fcberlassenen personenbezogenen Daten haben, kontaktieren Sie uns bitte.<\/p>\n<h3>G\u00fcltigkeit und Aktualit\u00e4t der Datenschutzerkl\u00e4rung<\/h3>\n<p>Mit der Nutzung unserer Webseite willigen Sie in die oben beschriebene Datenverwendung ein. Diese Datenschutzerkl\u00e4rung ist unmittelbar g\u00fcltig und ersetzt alle fr\u00fcheren Erkl\u00e4rungen.<\/p>\n","protected":false},"excerpt":{"rendered":"<p>Vorbemerkungen Der CVJM-Ratingen e.V. nimmt den Schutz von personenbezogenen Daten sehr ernst. Wir verarbeiten personenbezogene Daten, die beim Besuch unserer Webseite erhoben werden, unter Beachtung der geltenden datenschutzrechtlichen Bestimmungen. Es gelten insbesondere die Datenschutzgrundverordnung (DSGVO), das Datenschutzgesetz NRW (DSG NRW) und das Telemediengesetz. Im Folgenden unterrichten wir Sie \u00fcber Art, Umfang und Zwecke der Erhebung [&hellip;]<\/p>\n","protected":false},"author":1,"featured_media":0,"parent":0,"menu_order":0,"comment_status":"closed","ping_status":"closed","template":"","meta":{"footnotes":""},"class_list":["post-553","page","type-page","status-publish","hentry"],"_links":{"self":[{"href":"http:\/\/cvjm-ratingen.de\/index.php?rest_route=\/wp\/v2\/pages\/553","targetHints":{"allow":["GET"]}}],"collection":[{"href":"http:\/\/cvjm-ratingen.de\/index.php?rest_route=\/wp\/v2\/pages"}],"about":[{"href":"http:\/\/cvjm-ratingen.de\/index.php?rest_route=\/wp\/v2\/types\/page"}],"author":[{"embeddable":true,"href":"http:\/\/cvjm-ratingen.de\/index.php?rest_route=\/wp\/v2\/users\/1"}],"replies":[{"embeddable":true,"href":"http:\/\/cvjm-ratingen.de\/index.php?rest_route=%2Fwp%2Fv2%2Fcomments&post=553"}],"version-history":[{"count":3,"href":"http:\/\/cvjm-ratingen.de\/index.php?rest_route=\/wp\/v2\/pages\/553\/revisions"}],"predecessor-version":[{"id":560,"href":"http:\/\/cvjm-ratingen.de\/index.php?rest_route=\/wp\/v2\/pages\/553\/revisions\/560"}],"wp:attachment":[{"href":"http:\/\/cvjm-ratingen.de\/index.php?rest_route=%2Fwp%2Fv2%2Fmedia&parent=553"}],"curies":[{"name":"wp","href":"https:\/\/api.w.org\/{rel}","templated":true}]}}