{"id":80,"date":"2017-05-26T12:08:40","date_gmt":"2017-05-26T12:08:40","guid":{"rendered":"http:\/\/wordpress.cvjm-ratingen.de\/?page_id=80"},"modified":"2025-02-24T19:12:14","modified_gmt":"2025-02-24T19:12:14","slug":"vorstand","status":"publish","type":"page","link":"http:\/\/cvjm-ratingen.de\/?page_id=80","title":{"rendered":"Vorstand"},"content":{"rendered":"<p><strong><img loading=\"lazy\" decoding=\"async\" class=\"size-full wp-image-155 alignleft\" src=\"http:\/\/wordpress.cvjm-ratingen.de\/wp-content\/uploads\/2017\/05\/Peter_Passfoto.jpg\" alt=\"\" width=\"142\" height=\"160\" \/>Peter Kunzendorf<\/strong><br \/>\n1. Vorsitzender<br \/>\ngeb.: 18.02.1957<\/p>\n<p>Beruf: Physiker, Gesch\u00e4ftsf\u00fchrer der GSA-Ratingen,<br \/>\nsachkundiger B\u00fcrger im Jugendhilfeausschusses der Stadt Ratingen<br \/>\nVorsitzender des Stadtjugendrings der Stadt Ratingen<\/p>\n<p><a href=\"mailto:PeterKunzendorf@CVJM-Ratingen.de\">PeterKunzendorf@CVJM-Ratingen.de<\/a><\/p>\n<p><strong><img loading=\"lazy\" decoding=\"async\" class=\"size-full wp-image-129 alignleft\" src=\"http:\/\/wordpress.cvjm-ratingen.de\/wp-content\/uploads\/2017\/05\/Ingfried_Passfoto.jpg\" alt=\"\" width=\"142\" height=\"160\" \/>Ingfried Hertrampf<\/strong><br \/>\n2. Vorsitzender<br \/>\ngeb.: 18.10.1957<\/p>\n<p>Beruf: Diplom-Verwaltungswirt,<br \/>\nbesch\u00e4ftigt bei der Stadt D\u00fcsseldorf<br \/>\nsachkundiger B\u00fcrger im Jugendhilfeausschusses der Stadt Ratingen<\/p>\n<p><a href=\"mailto:IngfriedHertrampf@CVJM-Ratingen.de\">IngfriedHertrampf@CVJM-Ratingen.de<\/a><\/p>\n<p><strong><img loading=\"lazy\" decoding=\"async\" class=\"size-full wp-image-695 alignleft\" src=\"http:\/\/cvjm-ratingen.de\/wp-content\/uploads\/2020\/08\/JuergenVietz2.jpg\" alt=\"\" width=\"142\" height=\"160\" \/>J\u00fcrgen Vietz<\/strong><br \/>\nKassenwart<br \/>\ngeb.: 08.04.1959<\/p>\n<p><a href=\"mailto:JuergenVietz@CVJM-Ratingen.de\">JuergenVietz@CVJM-Ratingen.de<span style=\"color: #ffffff;\">.<\/span><\/a><br \/>\n<span style=\"color: #ffffff;\">.<\/span><span style=\"color: #ffffff;\">.<\/span><span style=\"color: #ffffff;\">.<\/span><\/p>\n","protected":false},"excerpt":{"rendered":"<p>Peter Kunzendorf 1. Vorsitzender geb.: 18.02.1957 Beruf: Physiker, Gesch\u00e4ftsf\u00fchrer der GSA-Ratingen, sachkundiger B\u00fcrger im Jugendhilfeausschusses der Stadt Ratingen Vorsitzender des Stadtjugendrings der Stadt Ratingen PeterKunzendorf@CVJM-Ratingen.de Ingfried Hertrampf 2. Vorsitzender geb.: 18.10.1957 Beruf: Diplom-Verwaltungswirt, besch\u00e4ftigt bei der Stadt D\u00fcsseldorf sachkundiger B\u00fcrger im Jugendhilfeausschusses der Stadt Ratingen IngfriedHertrampf@CVJM-Ratingen.de J\u00fcrgen Vietz Kassenwart geb.: 08.04.1959 JuergenVietz@CVJM-Ratingen.de. &#8230;<\/p>\n","protected":false},"author":1,"featured_media":0,"parent":0,"menu_order":0,"comment_status":"closed","ping_status":"closed","template":"","meta":{"footnotes":""},"class_list":["post-80","page","type-page","status-publish","hentry"],"_links":{"self":[{"href":"http:\/\/cvjm-ratingen.de\/index.php?rest_route=\/wp\/v2\/pages\/80","targetHints":{"allow":["GET"]}}],"collection":[{"href":"http:\/\/cvjm-ratingen.de\/index.php?rest_route=\/wp\/v2\/pages"}],"about":[{"href":"http:\/\/cvjm-ratingen.de\/index.php?rest_route=\/wp\/v2\/types\/page"}],"author":[{"embeddable":true,"href":"http:\/\/cvjm-ratingen.de\/index.php?rest_route=\/wp\/v2\/users\/1"}],"replies":[{"embeddable":true,"href":"http:\/\/cvjm-ratingen.de\/index.php?rest_route=%2Fwp%2Fv2%2Fcomments&post=80"}],"version-history":[{"count":32,"href":"http:\/\/cvjm-ratingen.de\/index.php?rest_route=\/wp\/v2\/pages\/80\/revisions"}],"predecessor-version":[{"id":913,"href":"http:\/\/cvjm-ratingen.de\/index.php?rest_route=\/wp\/v2\/pages\/80\/revisions\/913"}],"wp:attachment":[{"href":"http:\/\/cvjm-ratingen.de\/index.php?rest_route=%2Fwp%2Fv2%2Fmedia&parent=80"}],"curies":[{"name":"wp","href":"https:\/\/api.w.org\/{rel}","templated":true}]}}